{"id":3,"date":"2025-04-01T19:01:54","date_gmt":"2025-04-01T19:01:54","guid":{"rendered":"https:\/\/aufildusable.fr\/?page_id=3"},"modified":"2025-06-18T17:28:36","modified_gmt":"2025-06-18T15:28:36","slug":"legal","status":"publish","type":"page","link":"https:\/\/aufildusable.fr\/en\/legal\/","title":{"rendered":"Legal Notices"},"content":{"rendered":"<div class=\"vce-row-container\" data-vce-boxed-width=\"true\"><div class=\"vce-row vce-row--col-gap-30 vce-row-equal-height vce-row-content--top\" id=\"el-419a581e\" data-vce-do-apply=\"all el-419a581e\"><div class=\"vce-content-background-container\"><\/div><div class=\"vce-row-content\" data-vce-element-content=\"true\"><div class=\"vce-col vce-col--md-50p vce-col--xs-1 vce-col--xs-last vce-col--xs-first vce-col--sm-last vce-col--sm-first vce-col--md-first vce-col--lg-first vce-col--xl-first\" id=\"el-1bac3e72\"><div class=\"vce-col-inner\" data-vce-do-apply=\"border margin background  el-1bac3e72\"><div class=\"vce-col-content\" data-vce-element-content=\"true\" data-vce-do-apply=\"padding el-1bac3e72\"><div class=\"vce-text-block nopadding\"><div class=\"vce-text-block-wrapper vce\" id=\"el-67c9689b\" data-vce-do-apply=\"all el-67c9689b\"><h3>Website Owner<\/h3><p>Madame EUDJIOURIAN<\/p><p>is the owner of this website<\/p><p>Phone: +33 (0) 6.11.51.94.31<\/p><p>Content Manager &amp; DPO: Ms. EUDJIOURIAN<\/p><\/div><\/div><\/div><\/div><\/div><div class=\"vce-col vce-col--md-50p vce-col--xs-1 vce-col--xs-last vce-col--xs-first vce-col--sm-last vce-col--sm-first vce-col--md-last vce-col--lg-last vce-col--xl-last\" id=\"el-e70a1af4\"><div class=\"vce-col-inner\" data-vce-do-apply=\"border margin background  el-e70a1af4\"><div class=\"vce-col-content\" data-vce-element-content=\"true\" data-vce-do-apply=\"padding el-e70a1af4\"><div class=\"vce-text-block nopadding\"><div class=\"vce-text-block-wrapper vce\" id=\"el-19746e2e\" data-vce-do-apply=\"all el-19746e2e\"><h3>Website Creation and Maintenance<\/h3>\n<p>Synexta SARL<\/p>\n<p>1 rue de Clairefontaine<\/p>\n<p>78120 Rambouillet (FR)<\/p>\n<p>TVA : FR84807672076<\/p>\n<p>Siren : 807672076<\/p>\n<p>web : <a href=\"https:\/\/synexta.fr\" target=\"_blank\" rel=\"noopener\">www.synexta.fr<\/a><\/p>\n<p>T\u00e9l : (+33) 01 85 77 11 44<\/p><\/div><\/div><div class=\"vce-text-block nopadding\"><div class=\"vce-text-block-wrapper vce\" id=\"el-e0e7a029\" data-vce-do-apply=\"all el-e0e7a029\"><h3>Hosting<\/h3>\n<p>Contabo, Aschauer Strasse 32a<\/p>\n<p>81549 M\u00fcnchen (Allemagne)<\/p>\n<p>T\u00e9l\u00e9phone : +49.89.356471771<\/p><\/div><\/div><\/div><\/div><\/div><div class=\"vce-col vce-col--md-auto vce-col--xs-1 vce-col--xs-last vce-col--xs-first vce-col--sm-last vce-col--sm-first vce-col--md-last vce-col--lg-last vce-col--xl-last vce-col--md-first vce-col--lg-first vce-col--xl-first\" id=\"el-1a17563b\"><div class=\"vce-col-inner\" data-vce-do-apply=\"border margin background  el-1a17563b\"><div class=\"vce-col-content\" data-vce-element-content=\"true\" data-vce-do-apply=\"padding el-1a17563b\"><div class=\"vce-text-block\"><div class=\"vce-text-block-wrapper vce\" id=\"el-08cafa5f\" data-vce-do-apply=\"all el-08cafa5f\"><h4>Limites de Responsabilit\u00e9<\/h4>\n<p>Les informations contenues sur ce site sont aussi pr\u00e9cises que possible et le site est p\u00e9riodiquement remis \u00e0 jour, mais peut toutefois contenir des inexactitudes, des omissions ou des lacunes. Si vous constatez une lacune, erreur ou ce qui para\u00eet \u00eatre un dysfonctionnement, merci de bien vouloir le signaler en d\u00e9crivant le probl\u00e8me de la mani\u00e8re la plus pr\u00e9cise possible (page posant probl\u00e8me, action d\u00e9clenchante, type d\u2019ordinateur et de navigateur utilis\u00e9, \u2026).<\/p>\n<p>Tout contenu t\u00e9l\u00e9charg\u00e9 se fait aux risques et p\u00e9rils de l\u2019utilisateur et sous sa seule responsabilit\u00e9. En cons\u00e9quence, le propri\u00e9taire du site (tel que d\u00e9fini ci dessus) ne saurait \u00eatre tenu responsable d\u2019un quelconque dommage subi par l\u2019ordinateur de l\u2019utilisateur ou d\u2019une quelconque perte de donn\u00e9es cons\u00e9cutifs au t\u00e9l\u00e9chargement.<\/p>\n<p>Les liens hypertextes mis en place dans le cadre du pr\u00e9sent site internet en direction d\u2019autres ressources pr\u00e9sentes sur le r\u00e9seau Internet ne sauraient engager la responsabilit\u00e9 du propri\u00e9taire du pr\u00e9sent site.<\/p>\n<h4>Litiges<\/h4>\n<p>Les pr\u00e9sentes conditions sont r\u00e9gies par les lois fran\u00e7aises et toute contestation ou litige qui pourraient na\u00eetre de l\u2019interpr\u00e9tation ou de l\u2019ex\u00e9cution de celles-ci seront de la comp\u00e9tence exclusive des tribunaux. La langue de r\u00e9f\u00e9rence, pour le r\u00e8glement de contentieux \u00e9ventuels est le fran\u00e7ais.<\/p>\n<h4>Droit d\u2019Acc\u00e8s<\/h4>\n<p>En application de la loi, les internautes disposent d\u2019un droit d\u2019acc\u00e8s, de rectification, de modification et de suppression concernant les donn\u00e9es qui les concernent personnellement. Ce droit peut \u00eatre exerc\u00e9 par voie postale avec accus\u00e9 de r\u00e9ception aupr\u00e8s du propri\u00e9taire du site. Le DPO en charge de la protection des donn\u00e9es est indiqu\u00e9 sous la rubrique \u00ab&nbsp;propri\u00e9taire du site&nbsp;\u00bb.<\/p>\n<h4>Confidentialit\u00e9<\/h4>\n<p>Vos donn\u00e9es personnelles sont confidentielles et ne seront en aucun cas communiqu\u00e9es \u00e0 des tiers hormis pour la bonne ex\u00e9cution de la prestation. Le pr\u00e9sent site est s\u00e9curis\u00e9 par un certificat SSL ; ainsi toute donn\u00e9e que vous aurez choisie d\u2019y saisir sera crypt\u00e9 de bout en bout entre votre ordinateur et le serveur h\u00e9bergeant le pr\u00e9sent site internet.<\/p>\n<p>Aucun croisement de fichier n\u2019est effectu\u00e9 par nos services, ni aucune vente d\u2019aucune sorte.<\/p>\n<p>Dans le cadre d\u2019un suivi de visites (statistique visiteurs) un outil interne au site est mis en place. Cet outil utilise un cookie de session pour identifier le visiteur unique. Certaines donn\u00e9es techniques, dont votre adresse IP, sont enregistr\u00e9es mais anonymis\u00e9es. Nous n\u2019avons aucun moyen technique d\u2019identifier une personne pr\u00e9cise \u00e0 la suite de cette anonymisation, sauf son unicit\u00e9, son emplacement g\u00e9ographique (par pays) et son environnement syst\u00e8me technique (navigateur, langue, r\u00e9solution \u00e9cran etc)<\/p>\n<h4>Propri\u00e9t\u00e9 Intellectuelle<\/h4>\n<p>Tout le contenu du pr\u00e9sent site, incluant, de fa\u00e7on non limitative, les graphismes, images, textes, vid\u00e9os, animations, sons, logos, documents et ic\u00f4nes ainsi que leur mise en forme sont la propri\u00e9t\u00e9 exclusive de la soci\u00e9t\u00e9 du d\u00e9tenteur du pr\u00e9sent site \u00e0 l\u2019exception des marques, logos ou contenus appartenant \u00e0 d\u2019autres soci\u00e9t\u00e9s partenaires ou auteurs.<\/p>\n<p>Toute reproduction, distribution, modification, adaptation, retransmission ou publication, m\u00eame partielle, de ces diff\u00e9rents \u00e9l\u00e9ments est strictement interdite en accord avec la l\u00e9gislation fran\u00e7aise sur le droit de la propri\u00e9t\u00e9 intellectuelle. Cette repr\u00e9sentation ou reproduction, par quelque proc\u00e9d\u00e9 que ce soit, constitue une contrefa\u00e7on sanctionn\u00e9e par les articles L.3335-2 et suivants du Code de la propri\u00e9t\u00e9 intellectuelle. Le non-respect de cette interdiction constitue une contrefa\u00e7on pouvant engager la responsabilit\u00e9 civile et p\u00e9nale du contrefacteur. En outre, les propri\u00e9taires des contenus copi\u00e9s pourraient intenter une action en justice \u00e0 votre encontre.<\/p>\n<h4>DPO, Acc\u00e8s, Suppression de vos donn\u00e9es<\/h4>\n<p>Pour tout besoin d\u2019information, notre responsable des donn\u00e9es priv\u00e9es&nbsp;est&nbsp;disponible par email ou t\u00e9l\u00e9phone aux coordonn\u00e9es de l\u2019entreprise (cliquez ici pour acc\u00e9der \u00e0 ses coordonn\u00e9es)<\/p>\n<p>Pour demander la suppression et\/ou l\u2019acc\u00e8s \u00e0 vos donn\u00e9es personnelles sur notre site, merci de nous adresser, au si\u00e8ge de notre \u00e9tablissement (ci dessus) un courrier en recommand\u00e9 avec Accus\u00e9 de R\u00e9ception. Votre demande sera trait\u00e9e sous 72h ouvr\u00e9es.<\/p>\n<h4>Cookies et vie priv\u00e9e<\/h4>\n<p>Vous pouvez consulter toutes les mentions relatives aux cookies en cliquant sur l'icone en bas \u00e0 droite de votre \u00e9cran&nbsp;; vous pouvez alors afficher le d\u00e9tail des services utilis\u00e9s.<\/p><\/div><\/div><\/div><\/div><\/div><\/div><\/div><\/div>","protected":false},"excerpt":{"rendered":"<p>Mentions l\u00e9gales pour notre site de location d&rsquo;appartement \/ studio de vacances au Lavandou<\/p>","protected":false},"author":1,"featured_media":0,"parent":0,"menu_order":0,"comment_status":"closed","ping_status":"closed","template":"","meta":{"footnotes":""},"class_list":["post-3","page","type-page","status-publish","hentry","red-title"],"_links":{"self":[{"href":"https:\/\/aufildusable.fr\/en\/wp-json\/wp\/v2\/pages\/3","targetHints":{"allow":["GET"]}}],"collection":[{"href":"https:\/\/aufildusable.fr\/en\/wp-json\/wp\/v2\/pages"}],"about":[{"href":"https:\/\/aufildusable.fr\/en\/wp-json\/wp\/v2\/types\/page"}],"author":[{"embeddable":true,"href":"https:\/\/aufildusable.fr\/en\/wp-json\/wp\/v2\/users\/1"}],"replies":[{"embeddable":true,"href":"https:\/\/aufildusable.fr\/en\/wp-json\/wp\/v2\/comments?post=3"}],"version-history":[{"count":4,"href":"https:\/\/aufildusable.fr\/en\/wp-json\/wp\/v2\/pages\/3\/revisions"}],"predecessor-version":[{"id":657,"href":"https:\/\/aufildusable.fr\/en\/wp-json\/wp\/v2\/pages\/3\/revisions\/657"}],"wp:attachment":[{"href":"https:\/\/aufildusable.fr\/en\/wp-json\/wp\/v2\/media?parent=3"}],"curies":[{"name":"wp","href":"https:\/\/api.w.org\/{rel}","templated":true}]}}