{"id":614,"date":"2025-06-17T20:25:35","date_gmt":"2025-06-17T18:25:35","guid":{"rendered":"https:\/\/aufildusable.fr\/?post_type=product&#038;p=614"},"modified":"2025-08-07T08:48:28","modified_gmt":"2025-08-07T06:48:28","slug":"rubis","status":"publish","type":"product","link":"https:\/\/aufildusable.fr\/en\/maison-vacances\/rubis\/","title":{"rendered":"Rubis"},"content":{"rendered":"<table class=\"description-studio\">\n<tbody>\n<tr>\n<td>Living Room \/ Dining Area<\/td>\n<\/tr>\n<tr>\n<td>Convertible Rapido sofa bed (160x200 cm)<\/td>\n<\/tr>\n<tr>\n<td>Large TV and TV stand<\/td>\n<\/tr>\n<tr>\n<td>Low storage furniture<\/td>\n<\/tr>\n<tr>\n<td>Inverter air conditioning (heat\/pump)<\/td>\n<\/tr>\n<tr>\n<td>Vacuum cleaner<\/td>\n<\/tr>\n<\/tbody>\n<\/table>\n<table class=\"description-studio\">\n<tbody>\n<tr>\n<td>American-style Kitchen<\/td>\n<\/tr>\n<tr>\n<td>Large refrigerator with freezer compartment<\/td>\n<\/tr>\n<tr>\n<td>Large oven<\/td>\n<\/tr>\n<tr>\n<td>4 induction hobs<\/td>\n<\/tr>\n<tr>\n<td>Dishwasher<\/td>\n<\/tr>\n<tr>\n<td>Microwave<\/td>\n<\/tr>\n<tr>\n<td>Toaster<\/td>\n<\/tr>\n<tr>\n<td>Tassimo coffee maker<\/td>\n<\/tr>\n<tr>\n<td>Dishes and cooking utensils<\/td>\n<\/tr>\n<\/tbody>\n<\/table>\n<table class=\"description-studio\">\n<tbody>\n<tr>\n<td>Room 1<\/td>\n<\/tr>\n<tr>\n<td>One double bed (160x200 cm)<\/td>\n<\/tr>\n<tr>\n<td>Storage cabinet<\/td>\n<\/tr>\n<tr>\n<td>Small bedside table with lamp<\/td>\n<\/tr>\n<tr>\n<td>Safe<\/td>\n<\/tr>\n<\/tbody>\n<\/table>\n<table class=\"description-studio\">\n<tbody>\n<tr>\n<td>Room 2<\/td>\n<\/tr>\n<tr>\n<td>2 single beds (90x200 cm)<\/td>\n<\/tr>\n<tr>\n<td>Storage cabinet<\/td>\n<\/tr>\n<tr>\n<td>Small bedside table with lamp<\/td>\n<\/tr>\n<\/tbody>\n<\/table>\n<table class=\"description-studio\">\n<tbody>\n<tr>\n<td>Bathroom<\/td>\n<\/tr>\n<tr>\n<td>Large walk-in shower<\/td>\n<\/tr>\n<tr>\n<td>Storage cabinet under the sink<\/td>\n<\/tr>\n<tr>\n<td>2 cabinets with mirrors<\/td>\n<\/tr>\n<tr>\n<td>Washing and drying machine<\/td>\n<\/tr>\n<tr>\n<td>Heated towel rack<\/td>\n<\/tr>\n<tr>\n<td>Hair dryer<\/td>\n<\/tr>\n<\/tbody>\n<\/table>\n<table class=\"description-studio\">\n<tbody>\n<tr>\n<td>20 m\u00b2 wooden terrace<\/td>\n<\/tr>\n<tr>\n<td>Reed-covered pergola<\/td>\n<\/tr>\n<tr>\n<td>Large wooden table and chairs<\/td>\n<\/tr>\n<tr>\n<td>Electric barbecue<\/td>\n<\/tr>\n<tr>\n<td>Outdoor shower<\/td>\n<\/tr>\n<tr>\n<td>Lounge chair<\/td>\n<\/tr>\n<\/tbody>\n<\/table>","protected":false},"excerpt":{"rendered":"<p>L&rsquo;<span class=\"keyword\">Ruby apartment<\/span>\u00a0is a spacious accommodation of\u00a0<span class=\"keyword\">70 sq m<\/span>, ideally located in\u00a0<span class=\"keyword\">Lavandou<\/span>It is located just\u00a0<span class=\"keyword\">20 m\u00e8tres de la plage d&rsquo;Aiguebelle<\/span>, r\u00e9put\u00e9e pour son sable fin et ses eaux claires. Surnomm\u00e9e \u00ab\u00a0la charmeuse\u00a0\u00bb, cette plage familiale offre un cadre paisible pour vos vacances. L&#8217;emplacement de l&rsquo;appartement vous permet de profiter pleinement du littoral varois, tout en \u00e9tant \u00e0 l&rsquo;\u00e9cart de l&rsquo;agitation. Vous pourrez facilement explorer les environs. Le village m\u00e9di\u00e9val de\u00a0<span class=\"keyword\">Bormes-les-Mimosas<\/span>, ranked among the most beautiful in France, is accessible within a few minutes by car. For a sea excursion, the port of\u00a0<span class=\"keyword\">Lavandou<\/span>\u00a0offers regular shuttles to\u00a0<span class=\"keyword\">\u00celes d&rsquo;Or<\/span>Discover the national park of\u00a0<span class=\"keyword\">Port-Cros<\/span>, a jewel of preserved nature, or the beaches of\u00a0<span class=\"keyword\">Porquerolles<\/span>. La situation de l&rsquo;appartement est un point de d\u00e9part parfait pour combiner d\u00e9tente \u00e0 la plage et d\u00e9couverte de la\u00a0<span class=\"keyword\">Provence<\/span>. Vous b\u00e9n\u00e9ficiez d&rsquo;un acc\u00e8s direct \u00e0 la mer et de la proximit\u00e9 de sites touristiques majeurs.<\/p>","protected":false},"featured_media":84,"comment_status":"closed","ping_status":"closed","template":"","meta":[],"product_brand":[],"product_cat":[15],"product_tag":[],"class_list":{"0":"post-614","1":"product","2":"type-product","3":"status-publish","4":"has-post-thumbnail","6":"product_cat-studios","7":"red-title","9":"first","10":"instock","11":"virtual","12":"taxable","13":"product-type-simple"},"_links":{"self":[{"href":"https:\/\/aufildusable.fr\/en\/wp-json\/wp\/v2\/product\/614","targetHints":{"allow":["GET"]}}],"collection":[{"href":"https:\/\/aufildusable.fr\/en\/wp-json\/wp\/v2\/product"}],"about":[{"href":"https:\/\/aufildusable.fr\/en\/wp-json\/wp\/v2\/types\/product"}],"replies":[{"embeddable":true,"href":"https:\/\/aufildusable.fr\/en\/wp-json\/wp\/v2\/comments?post=614"}],"wp:featuredmedia":[{"embeddable":true,"href":"https:\/\/aufildusable.fr\/en\/wp-json\/wp\/v2\/media\/84"}],"wp:attachment":[{"href":"https:\/\/aufildusable.fr\/en\/wp-json\/wp\/v2\/media?parent=614"}],"wp:term":[{"taxonomy":"product_brand","embeddable":true,"href":"https:\/\/aufildusable.fr\/en\/wp-json\/wp\/v2\/product_brand?post=614"},{"taxonomy":"product_cat","embeddable":true,"href":"https:\/\/aufildusable.fr\/en\/wp-json\/wp\/v2\/product_cat?post=614"},{"taxonomy":"product_tag","embeddable":true,"href":"https:\/\/aufildusable.fr\/en\/wp-json\/wp\/v2\/product_tag?post=614"}],"curies":[{"name":"wp","href":"https:\/\/api.w.org\/{rel}","templated":true}]}}