{"id":625,"date":"2025-06-18T10:52:50","date_gmt":"2025-06-18T08:52:50","guid":{"rendered":"https:\/\/aufildusable.fr\/?post_type=product&#038;p=625"},"modified":"2025-08-07T08:50:07","modified_gmt":"2025-08-07T06:50:07","slug":"perle","status":"publish","type":"product","link":"https:\/\/aufildusable.fr\/en\/maison-vacances\/perle\/","title":{"rendered":"Perle"},"content":{"rendered":"<table class=\"description-studio\">\n<tbody>\n<tr>\n<td>Living Room \/ Dining Area<\/td>\n<\/tr>\n<tr>\n<td>Convertible Rapido sofa bed (160x200 cm)<\/td>\n<\/tr>\n<tr>\n<td>Large TV and TV stand<\/td>\n<\/tr>\n<tr>\n<td>Extendable lift-top coffee table<\/td>\n<\/tr>\n<tr>\n<td>Inverter air conditioning (heat\/pump)<\/td>\n<\/tr>\n<tr>\n<td>Large street lamp and bedside lamp<\/td>\n<\/tr>\n<tr>\n<td>Dyson vacuum cleaner<\/td>\n<\/tr>\n<\/tbody>\n<\/table>\n<table class=\"description-studio\">\n<tbody>\n<tr>\n<td>American-style Kitchen<\/td>\n<\/tr>\n<tr>\n<td>Large refrigerator and small freezer<\/td>\n<\/tr>\n<tr>\n<td>Large oven<\/td>\n<\/tr>\n<tr>\n<td>Three induction cooktops<\/td>\n<\/tr>\n<tr>\n<td>Dishwasher<\/td>\n<\/tr>\n<tr>\n<td>Washing machine<\/td>\n<\/tr>\n<tr>\n<td>Dolce Gusto coffee machine<\/td>\n<\/tr>\n<tr>\n<td>Dishes and cooking utensils<\/td>\n<\/tr>\n<\/tbody>\n<\/table>\n<table class=\"description-studio\">\n<tbody>\n<tr>\n<td>Room 1<\/td>\n<\/tr>\n<tr>\n<td>One double bed (160x200 cm)<\/td>\n<\/tr>\n<tr>\n<td>Six-drawer dresser<\/td>\n<\/tr>\n<tr>\n<td>Storage cabinet with 1 door and 1 drawer<\/td>\n<\/tr>\n<tr>\n<td>Two-drawer bedside table and lamp<\/td>\n<\/tr>\n<tr>\n<td>Inverter air conditioning (heat\/pump)<\/td>\n<\/tr>\n<\/tbody>\n<\/table>\n<table class=\"description-studio\">\n<tbody>\n<tr>\n<td>Room 2<\/td>\n<\/tr>\n<tr>\n<td>2 single beds (90x200 cm)<\/td>\n<\/tr>\n<tr>\n<td>Storage cabinet<\/td>\n<\/tr>\n<tr>\n<td>Two-drawer bedside table and lamp<\/td>\n<\/tr>\n<tr>\n<td>Individual toilet and sink (closed by a door)<\/td>\n<\/tr>\n<\/tbody>\n<\/table>\n<table class=\"description-studio\">\n<tbody>\n<tr>\n<td>Main Shower Room<\/td>\n<\/tr>\n<tr>\n<td>Large walk-in shower<\/td>\n<\/tr>\n<tr>\n<td>Storage cabinet with drawers under the basin<\/td>\n<\/tr>\n<tr>\n<td>Heated towel rack<\/td>\n<\/tr>\n<tr>\n<td>Hair dryer<\/td>\n<\/tr>\n<\/tbody>\n<\/table>\n<table class=\"description-studio\">\n<tbody>\n<tr>\n<td>38 sqm Wooden Deck<\/td>\n<\/tr>\n<tr>\n<td>Large teak table and chairs<\/td>\n<\/tr>\n<tr>\n<td>Large patio umbrella<\/td>\n<\/tr>\n<tr>\n<td>Garden furniture set made of resin<\/td>\n<\/tr>\n<tr>\n<td>Triangular shade sail<\/td>\n<\/tr>\n<tr>\n<td>Electric barbecue<\/td>\n<\/tr>\n<tr>\n<td>Outdoor shower<\/td>\n<\/tr>\n<\/tbody>\n<\/table>","protected":false},"excerpt":{"rendered":"<p>L&rsquo;<span class=\"keyword\">Appartement Perle<\/span>\u00a0est un grand logement de\u00a0<span class=\"keyword\">70 sq m<\/span>\u00a0con\u00e7u pour accueillir confortablement\u00a0<span class=\"keyword\">6 personnes<\/span>\u00a0au\u00a0<span class=\"keyword\">Lavandou<\/span>. Son avantage principal est sa tr\u00e8s grande terrasse de\u00a0<span class=\"keyword\">38 m\u00b2<\/span>, qui offre un v\u00e9ritable espace de vie suppl\u00e9mentaire. Il est situ\u00e9 \u00e0 seulement\u00a0<span class=\"keyword\">20 m\u00e8tres de la plage de sable fin d&rsquo;Aiguebelle<\/span>, un lieu pris\u00e9 pour sa tranquillit\u00e9 et la beaut\u00e9 de son cadre. Cet emplacement privil\u00e9gi\u00e9 permet de combiner des journ\u00e9es de d\u00e9tente \u00e0 la mer avec des soir\u00e9es conviviales en ext\u00e9rieur. La situation g\u00e9ographique est id\u00e9ale pour explorer la\u00a0<span class=\"keyword\">C\u00f4te d&rsquo;Azur<\/span>. Vous \u00eates \u00e0 proximit\u00e9 du village m\u00e9di\u00e9val de\u00a0<span class=\"keyword\">Bormes-les-Mimosas<\/span>\u00a0et non loin de l&rsquo;effervescence de\u00a0<span class=\"keyword\">Saint-Tropez<\/span>. Le port du\u00a0<span class=\"keyword\">Lavandou<\/span>, tout proche, est le point de d\u00e9part des navettes pour les\u00a0<span class=\"keyword\">\u00celes d&rsquo;Or<\/span>. Une journ\u00e9e \u00e0\u00a0<span class=\"keyword\">Porquerolles<\/span>\u00a0pour une balade \u00e0 v\u00e9lo ou une randonn\u00e9e dans le parc national de\u00a0<span class=\"keyword\">Port-Cros<\/span>\u00a0sont des activit\u00e9s facilement r\u00e9alisables. L&rsquo;<span class=\"keyword\">Appartement Perle<\/span>\u00a0est donc une excellente base pour des vacances vari\u00e9es, alliant le plaisir d&rsquo;un grand espace ext\u00e9rieur priv\u00e9 et la d\u00e9couverte des sites embl\u00e9matiques de la r\u00e9gion.<\/p>","protected":false},"featured_media":390,"comment_status":"closed","ping_status":"closed","template":"","meta":[],"product_brand":[],"product_cat":[15],"product_tag":[],"class_list":{"0":"post-625","1":"product","2":"type-product","3":"status-publish","4":"has-post-thumbnail","6":"product_cat-studios","7":"red-title","9":"first","10":"instock","11":"virtual","12":"taxable","13":"product-type-simple"},"_links":{"self":[{"href":"https:\/\/aufildusable.fr\/en\/wp-json\/wp\/v2\/product\/625","targetHints":{"allow":["GET"]}}],"collection":[{"href":"https:\/\/aufildusable.fr\/en\/wp-json\/wp\/v2\/product"}],"about":[{"href":"https:\/\/aufildusable.fr\/en\/wp-json\/wp\/v2\/types\/product"}],"replies":[{"embeddable":true,"href":"https:\/\/aufildusable.fr\/en\/wp-json\/wp\/v2\/comments?post=625"}],"wp:featuredmedia":[{"embeddable":true,"href":"https:\/\/aufildusable.fr\/en\/wp-json\/wp\/v2\/media\/390"}],"wp:attachment":[{"href":"https:\/\/aufildusable.fr\/en\/wp-json\/wp\/v2\/media?parent=625"}],"wp:term":[{"taxonomy":"product_brand","embeddable":true,"href":"https:\/\/aufildusable.fr\/en\/wp-json\/wp\/v2\/product_brand?post=625"},{"taxonomy":"product_cat","embeddable":true,"href":"https:\/\/aufildusable.fr\/en\/wp-json\/wp\/v2\/product_cat?post=625"},{"taxonomy":"product_tag","embeddable":true,"href":"https:\/\/aufildusable.fr\/en\/wp-json\/wp\/v2\/product_tag?post=625"}],"curies":[{"name":"wp","href":"https:\/\/api.w.org\/{rel}","templated":true}]}}