{"id":626,"date":"2025-06-18T10:52:50","date_gmt":"2025-06-18T08:52:50","guid":{"rendered":"https:\/\/aufildusable.fr\/?post_type=product&#038;p=626"},"modified":"2026-02-20T21:14:39","modified_gmt":"2026-02-20T20:14:39","slug":"emeraude","status":"publish","type":"product","link":"https:\/\/aufildusable.fr\/en\/maison-vacances\/emeraude\/","title":{"rendered":"Emeraude"},"content":{"rendered":"<table class=\"description-studio\">\n<tbody>\n<tr>\n<td>Living Room \/ Dining Area<\/td>\n<\/tr>\n<tr>\n<td>Convertible Rapido sofa bed (160x200 cm)<\/td>\n<\/tr>\n<tr>\n<td>Largescreen TV<\/td>\n<\/tr>\n<tr>\n<td>Dresser<\/td>\n<\/tr>\n<tr>\n<td>Inverter air conditioning (heat\/pump)<\/td>\n<\/tr>\n<tr>\n<td>A table with four chairs and two stools<\/td>\n<\/tr>\n<tr>\n<td>Vacuum cleaner<\/td>\n<\/tr>\n<\/tbody>\n<\/table>\n<table class=\"description-studio\">\n<tbody>\n<tr>\n<td>American-style Kitchen<\/td>\n<\/tr>\n<tr>\n<td>Large refrigerator with freezer compartment<\/td>\n<\/tr>\n<tr>\n<td>Compact multifunction oven and microwave<\/td>\n<\/tr>\n<tr>\n<td>Two ceramic glass cooktops<\/td>\n<\/tr>\n<tr>\n<td>Dishwasher with quick and quiet settings<\/td>\n<\/tr>\n<tr>\n<td>Dolce Gusto coffee machine<\/td>\n<\/tr>\n<tr>\n<td>Toaster<\/td>\n<\/tr>\n<tr>\n<td>Dishes and cooking utensils<\/td>\n<\/tr>\n<\/tbody>\n<\/table>\n<table class=\"description-studio\">\n<tbody>\n<tr>\n<td>Bedroom<\/td>\n<\/tr>\n<tr>\n<td>Two bunk beds (90x200 cm)<\/td>\n<\/tr>\n<tr>\n<td>Wardrobe<\/td>\n<\/tr>\n<tr>\n<td>Safe<\/td>\n<\/tr>\n<\/tbody>\n<\/table>\n<table class=\"description-studio\">\n<tbody>\n<tr>\n<td>Bathroom<\/td>\n<\/tr>\n<tr>\n<td>Large walk-in shower<\/td>\n<\/tr>\n<tr>\n<td>Dresser under the sink<\/td>\n<\/tr>\n<tr>\n<td>Towel rack<\/td>\n<\/tr>\n<tr>\n<td>Hair dryer<\/td>\n<\/tr>\n<\/tbody>\n<\/table>\n<table class=\"description-studio\">\n<tbody>\n<tr>\n<td>Wooden deck of 15 square meters<\/td>\n<\/tr>\n<tr>\n<td>Reed-covered pergola<\/td>\n<\/tr>\n<tr>\n<td>Wooden table and chairs<\/td>\n<\/tr>\n<tr>\n<td>Electric barbecue<\/td>\n<\/tr>\n<tr>\n<td>Outdoor shower<\/td>\n<\/tr>\n<tr>\n<td>Lounge chair<\/td>\n<\/tr>\n<\/tbody>\n<\/table>","protected":false},"excerpt":{"rendered":"<p>L&rsquo;<span class=\"keyword\">Emerald Apartment<\/span>\u00a0is a vacation spot of\u00a0<span class=\"keyword\">40 sq m<\/span>\u00a0optimized for\u00a0<span class=\"keyword\">4 people<\/span>, located in\u00a0<span class=\"keyword\">Lavandou<\/span>Its location at\u00a0<span class=\"keyword\">20 m\u00e8tres de la plage d&rsquo;Aiguebelle<\/span>\u00a0le rend particuli\u00e8rement adapt\u00e9 aux familles avec enfants. La plage, connue pour son sable fin et son atmosph\u00e8re calme, permet de profiter de la mer en toute s\u00e9curit\u00e9. La proximit\u00e9 imm\u00e9diate est un confort qui simplifie l&rsquo;organisation des journ\u00e9es \u00e0 la plage. Le quartier d&rsquo;<span class=\"keyword\">Aiguebelle<\/span>\u00a0serves as a starting point for many excursions. A short walk will take you to the coastal path to admire the Var coast. The village of\u00a0<span class=\"keyword\">Bormes-les-Mimosas<\/span>, avec son charme proven\u00e7al, est une destination culturelle facile d&rsquo;acc\u00e8s. Pour une aventure maritime, les navettes du port du\u00a0<span class=\"keyword\">Lavandou<\/span>\u00a0take you to the islands of\u00a0<span class=\"keyword\">Porquerolles<\/span>\u00a0and of\u00a0<span class=\"keyword\">Port-Cros<\/span>. Cet appartement offre un bon \u00e9quilibre entre la vie de plage, la d\u00e9tente et la d\u00e9couverte d&rsquo;une r\u00e9gion riche en paysages et en patrimoine.<\/p>","protected":false},"featured_media":187,"comment_status":"closed","ping_status":"closed","template":"","meta":[],"product_brand":[],"product_cat":[15],"product_tag":[],"class_list":{"0":"post-626","1":"product","2":"type-product","3":"status-publish","4":"has-post-thumbnail","6":"product_cat-studios","7":"red-title","9":"first","10":"instock","11":"downloadable","12":"virtual","13":"taxable","14":"product-type-simple"},"_links":{"self":[{"href":"https:\/\/aufildusable.fr\/en\/wp-json\/wp\/v2\/product\/626","targetHints":{"allow":["GET"]}}],"collection":[{"href":"https:\/\/aufildusable.fr\/en\/wp-json\/wp\/v2\/product"}],"about":[{"href":"https:\/\/aufildusable.fr\/en\/wp-json\/wp\/v2\/types\/product"}],"replies":[{"embeddable":true,"href":"https:\/\/aufildusable.fr\/en\/wp-json\/wp\/v2\/comments?post=626"}],"wp:featuredmedia":[{"embeddable":true,"href":"https:\/\/aufildusable.fr\/en\/wp-json\/wp\/v2\/media\/187"}],"wp:attachment":[{"href":"https:\/\/aufildusable.fr\/en\/wp-json\/wp\/v2\/media?parent=626"}],"wp:term":[{"taxonomy":"product_brand","embeddable":true,"href":"https:\/\/aufildusable.fr\/en\/wp-json\/wp\/v2\/product_brand?post=626"},{"taxonomy":"product_cat","embeddable":true,"href":"https:\/\/aufildusable.fr\/en\/wp-json\/wp\/v2\/product_cat?post=626"},{"taxonomy":"product_tag","embeddable":true,"href":"https:\/\/aufildusable.fr\/en\/wp-json\/wp\/v2\/product_tag?post=626"}],"curies":[{"name":"wp","href":"https:\/\/api.w.org\/{rel}","templated":true}]}}