{"id":627,"date":"2025-06-18T10:52:50","date_gmt":"2025-06-18T08:52:50","guid":{"rendered":"https:\/\/aufildusable.fr\/?post_type=product&#038;p=627"},"modified":"2026-03-13T13:20:45","modified_gmt":"2026-03-13T12:20:45","slug":"saphir","status":"publish","type":"product","link":"https:\/\/aufildusable.fr\/en\/maison-vacances\/saphir\/","title":{"rendered":"Saphir"},"content":{"rendered":"<table class=\"description-studio\">\n<tbody>\n<tr>\n<td>Living Room \/ Dining Area<\/td>\n<\/tr>\n<tr>\n<td>Convertible Rapido sofa bed (160x200 cm)<\/td>\n<\/tr>\n<tr>\n<td>Large TV and TV stand with storage compartment<\/td>\n<\/tr>\n<tr>\n<td>Large storage unit<\/td>\n<\/tr>\n<tr>\n<td>Inverter air conditioning (heat\/pump)<\/td>\n<\/tr>\n<tr>\n<td>Table with four chairs and two stools<\/td>\n<\/tr>\n<tr>\n<td>Safe<\/td>\n<\/tr>\n<\/tbody>\n<\/table>\n<table class=\"description-studio\">\n<tbody>\n<tr>\n<td>American-style Kitchen<\/td>\n<\/tr>\n<tr>\n<td>Large refrigerator with freezer compartment<\/td>\n<\/tr>\n<tr>\n<td>Compact multifunction oven and microwave<\/td>\n<\/tr>\n<tr>\n<td>Two ceramic glass cooktops<\/td>\n<\/tr>\n<tr>\n<td>Dishwasher with quick and quiet settings<\/td>\n<\/tr>\n<tr>\n<td>Dolce Gusto coffee machine<\/td>\n<\/tr>\n<tr>\n<td>Toaster<\/td>\n<\/tr>\n<tr>\n<td>Dishes and cooking utensils<\/td>\n<\/tr>\n<\/tbody>\n<\/table>\n<table class=\"description-studio\">\n<tbody>\n<tr>\n<td>Bedroom<\/td>\n<\/tr>\n<tr>\n<td>Two beds (90x200 cm), which can be joined into one large bed (180x200 cm)<\/td>\n<\/tr>\n<tr>\n<td>Small bedside table with a drawer<\/td>\n<\/tr>\n<\/tbody>\n<\/table>\n<table class=\"description-studio\">\n<tbody>\n<tr>\n<td>Bathroom<\/td>\n<\/tr>\n<tr>\n<td>Walk-in shower<\/td>\n<\/tr>\n<tr>\n<td>Storage cabinet under the sink<\/td>\n<\/tr>\n<tr>\n<td>Towel rack<\/td>\n<\/tr>\n<tr>\n<td>Hair dryer<\/td>\n<\/tr>\n<\/tbody>\n<\/table>\n<table class=\"description-studio\">\n<tbody>\n<tr>\n<td>Wooden deck of 15 square meters<\/td>\n<\/tr>\n<tr>\n<td>Reed-covered pergola<\/td>\n<\/tr>\n<tr>\n<td>Wooden table and chairs<\/td>\n<\/tr>\n<tr>\n<td>Electric barbecue<\/td>\n<\/tr>\n<tr>\n<td>Outdoor shower<\/td>\n<\/tr>\n<tr>\n<td>Lounge chair<\/td>\n<\/tr>\n<\/tbody>\n<\/table>","protected":false},"excerpt":{"rendered":"<p>L&rsquo;<span class=\"keyword\">Appartement Saphir<\/span>\u00a0It is a functional accommodation with\u00a0<span class=\"keyword\">40 sq m<\/span>\u00a0for\u00a0<span class=\"keyword\">4 people<\/span>, located in\u00a0<span class=\"keyword\">Lavandou<\/span>Its main asset is its immediate proximity to the\u00a0<span class=\"keyword\">plage d&rsquo;Aiguebelle<\/span>just\u00a0<span class=\"keyword\">20 meters<\/span>This fine sandy beach is appreciated by families for its peaceful atmosphere and the quality of its water. It offers direct access to the Mediterranean Sea, allowing you to enjoy swimming at any time of the day. From\u00a0<span class=\"keyword\">Aiguebelle<\/span>From there, you are ideally located to discover the treasures of the region. The coastal path, accessible nearby, invites you to take walks along the coast with views of the\u00a0<span class=\"keyword\">\u00celes d&rsquo;Or<\/span>You can also reach the port of\u00a0<span class=\"keyword\">Lavandou<\/span>\u00a0pour embarquer vers l&rsquo;\u00eele de\u00a0<span class=\"keyword\">Port-Cros<\/span>\u00a0or to the\u00a0<span class=\"keyword\">Porquerolles<\/span>the neighboring village of\u00a0<span class=\"keyword\">Bormes-les-Mimosas<\/span>, avec ses ruelles fleuries et son patrimoine m\u00e9di\u00e9val, est une visite incontournable. L&rsquo;appartement combine ainsi les avantages d&rsquo;un s\u00e9jour baln\u00e9aire relaxant avec la possibilit\u00e9 de nombreuses activit\u00e9s culturelles et sportives.<\/p>","protected":false},"featured_media":89,"comment_status":"closed","ping_status":"closed","template":"","meta":[],"product_brand":[],"product_cat":[15],"product_tag":[],"class_list":{"0":"post-627","1":"product","2":"type-product","3":"status-publish","4":"has-post-thumbnail","6":"product_cat-studios","7":"red-title","9":"first","10":"instock","11":"virtual","12":"taxable","13":"product-type-simple"},"_links":{"self":[{"href":"https:\/\/aufildusable.fr\/en\/wp-json\/wp\/v2\/product\/627","targetHints":{"allow":["GET"]}}],"collection":[{"href":"https:\/\/aufildusable.fr\/en\/wp-json\/wp\/v2\/product"}],"about":[{"href":"https:\/\/aufildusable.fr\/en\/wp-json\/wp\/v2\/types\/product"}],"replies":[{"embeddable":true,"href":"https:\/\/aufildusable.fr\/en\/wp-json\/wp\/v2\/comments?post=627"}],"wp:featuredmedia":[{"embeddable":true,"href":"https:\/\/aufildusable.fr\/en\/wp-json\/wp\/v2\/media\/89"}],"wp:attachment":[{"href":"https:\/\/aufildusable.fr\/en\/wp-json\/wp\/v2\/media?parent=627"}],"wp:term":[{"taxonomy":"product_brand","embeddable":true,"href":"https:\/\/aufildusable.fr\/en\/wp-json\/wp\/v2\/product_brand?post=627"},{"taxonomy":"product_cat","embeddable":true,"href":"https:\/\/aufildusable.fr\/en\/wp-json\/wp\/v2\/product_cat?post=627"},{"taxonomy":"product_tag","embeddable":true,"href":"https:\/\/aufildusable.fr\/en\/wp-json\/wp\/v2\/product_tag?post=627"}],"curies":[{"name":"wp","href":"https:\/\/api.w.org\/{rel}","templated":true}]}}